{"id":261,"date":"2020-09-18T19:25:43","date_gmt":"2020-09-18T19:25:43","guid":{"rendered":"https:\/\/solek.com.ar\/nuevo\/?post_type=product&#038;p=261"},"modified":"2020-09-23T13:37:51","modified_gmt":"2020-09-23T13:37:51","slug":"aire-de-ventana-frio-calor","status":"publish","type":"product","link":"https:\/\/solek.com.ar\/nuevo\/producto\/aire-de-ventana-frio-calor\/","title":{"rendered":"Aire de Ventana  Fr\u00edo\/Calor"},"content":{"rendered":"","protected":false},"excerpt":{"rendered":"<p>El aire acondicionado de ventana es un aparato que consta de una unidad que se instala en el hueco de una ventana o de un muro exterior, quedando la mitad del equipo por la parte de afuera y la otra mitad por dentro del hueco. Algunas ventajas que ofrece el aire acondicionado de ventana son, control manual del equipo, calefacci\u00f3n y refrigeraci\u00f3n el\u00e9ctrica, posee un filtro de aire y bajo consumo de energ\u00eda el\u00e9ctrica.<\/p>\n","protected":false},"featured_media":316,"template":"","meta":{"site-sidebar-layout":"default","site-content-layout":"default","ast-site-content-layout":"default","site-content-style":"default","site-sidebar-style":"default","ast-global-header-display":"","ast-banner-title-visibility":"","ast-main-header-display":"","ast-hfb-above-header-display":"","ast-hfb-below-header-display":"","ast-hfb-mobile-header-display":"","site-post-title":"","ast-breadcrumbs-content":"","ast-featured-img":"","footer-sml-layout":"","ast-disable-related-posts":"","theme-transparent-header-meta":"default","adv-header-id-meta":"","stick-header-meta":"","header-above-stick-meta":"","header-main-stick-meta":"","header-below-stick-meta":"","astra-migrate-meta-layouts":"default","ast-page-background-enabled":"default","ast-page-background-meta":{"desktop":{"background-color":"var(--ast-global-color-4)","background-image":"","background-repeat":"repeat","background-position":"center center","background-size":"auto","background-attachment":"scroll","background-type":"","background-media":"","overlay-type":"","overlay-color":"","overlay-opacity":"","overlay-gradient":""},"tablet":{"background-color":"","background-image":"","background-repeat":"repeat","background-position":"center center","background-size":"auto","background-attachment":"scroll","background-type":"","background-media":"","overlay-type":"","overlay-color":"","overlay-opacity":"","overlay-gradient":""},"mobile":{"background-color":"","background-image":"","background-repeat":"repeat","background-position":"center center","background-size":"auto","background-attachment":"scroll","background-type":"","background-media":"","overlay-type":"","overlay-color":"","overlay-opacity":"","overlay-gradient":""}},"ast-content-background-meta":{"desktop":{"background-color":"var(--ast-global-color-5)","background-image":"","background-repeat":"repeat","background-position":"center center","background-size":"auto","background-attachment":"scroll","background-type":"","background-media":"","overlay-type":"","overlay-color":"","overlay-opacity":"","overlay-gradient":""},"tablet":{"background-color":"var(--ast-global-color-5)","background-image":"","background-repeat":"repeat","background-position":"center center","background-size":"auto","background-attachment":"scroll","background-type":"","background-media":"","overlay-type":"","overlay-color":"","overlay-opacity":"","overlay-gradient":""},"mobile":{"background-color":"var(--ast-global-color-5)","background-image":"","background-repeat":"repeat","background-position":"center center","background-size":"auto","background-attachment":"scroll","background-type":"","background-media":"","overlay-type":"","overlay-color":"","overlay-opacity":"","overlay-gradient":""}}},"product_brand":[],"product_cat":[17],"product_tag":[],"class_list":{"0":"post-261","1":"product","2":"type-product","3":"status-publish","4":"has-post-thumbnail","6":"product_cat-aire-acondicionado","7":"desktop-align-left","8":"tablet-align-left","9":"mobile-align-left","11":"first","12":"outofstock","13":"shipping-taxable","14":"purchasable","15":"product-type-simple"},"yoast_head":"<!-- This site is optimized with the Yoast SEO plugin v27.6 - https:\/\/yoast.com\/product\/yoast-seo-wordpress\/ -->\n<title>Aire de Ventana Fr\u00edo\/Calor - Solek<\/title>\n<meta name=\"robots\" content=\"index, follow, max-snippet:-1, max-image-preview:large, max-video-preview:-1\" \/>\n<link rel=\"canonical\" href=\"https:\/\/solek.com.ar\/nuevo\/producto\/aire-de-ventana-frio-calor\/\" \/>\n<meta property=\"og:locale\" content=\"es_ES\" \/>\n<meta property=\"og:type\" content=\"article\" \/>\n<meta property=\"og:title\" content=\"Aire de Ventana Fr\u00edo\/Calor - Solek\" \/>\n<meta property=\"og:description\" content=\"El aire acondicionado de ventana es un aparato que consta de una unidad que se instala en el hueco de una ventana o de un muro exterior, quedando la mitad del equipo por la parte de afuera y la otra mitad por dentro del hueco. Algunas ventajas que ofrece el aire acondicionado de ventana son, control manual del equipo, calefacci\u00f3n y refrigeraci\u00f3n el\u00e9ctrica, posee un filtro de aire y bajo consumo de energ\u00eda el\u00e9ctrica.\" \/>\n<meta property=\"og:url\" content=\"https:\/\/solek.com.ar\/nuevo\/producto\/aire-de-ventana-frio-calor\/\" \/>\n<meta property=\"og:site_name\" content=\"Solek\" \/>\n<meta property=\"article:modified_time\" content=\"2020-09-23T13:37:51+00:00\" \/>\n<meta property=\"og:image\" content=\"https:\/\/solek.com.ar\/nuevo\/wp-content\/uploads\/2020\/09\/VENTANA-1.jpg\" \/>\n\t<meta property=\"og:image:width\" content=\"567\" \/>\n\t<meta property=\"og:image:height\" content=\"567\" \/>\n\t<meta property=\"og:image:type\" content=\"image\/jpeg\" \/>\n<meta name=\"twitter:card\" content=\"summary_large_image\" \/>\n<script type=\"application\/ld+json\" class=\"yoast-schema-graph\">{\"@context\":\"https:\\\/\\\/schema.org\",\"@graph\":[{\"@type\":\"WebPage\",\"@id\":\"https:\\\/\\\/solek.com.ar\\\/nuevo\\\/producto\\\/aire-de-ventana-frio-calor\\\/\",\"url\":\"https:\\\/\\\/solek.com.ar\\\/nuevo\\\/producto\\\/aire-de-ventana-frio-calor\\\/\",\"name\":\"Aire de Ventana Fr\u00edo\\\/Calor - Solek\",\"isPartOf\":{\"@id\":\"https:\\\/\\\/solek.com.ar\\\/nuevo\\\/#website\"},\"primaryImageOfPage\":{\"@id\":\"https:\\\/\\\/solek.com.ar\\\/nuevo\\\/producto\\\/aire-de-ventana-frio-calor\\\/#primaryimage\"},\"image\":{\"@id\":\"https:\\\/\\\/solek.com.ar\\\/nuevo\\\/producto\\\/aire-de-ventana-frio-calor\\\/#primaryimage\"},\"thumbnailUrl\":\"https:\\\/\\\/solek.com.ar\\\/nuevo\\\/wp-content\\\/uploads\\\/2020\\\/09\\\/VENTANA-1.jpg\",\"datePublished\":\"2020-09-18T19:25:43+00:00\",\"dateModified\":\"2020-09-23T13:37:51+00:00\",\"breadcrumb\":{\"@id\":\"https:\\\/\\\/solek.com.ar\\\/nuevo\\\/producto\\\/aire-de-ventana-frio-calor\\\/#breadcrumb\"},\"inLanguage\":\"es\",\"potentialAction\":[{\"@type\":\"ReadAction\",\"target\":[\"https:\\\/\\\/solek.com.ar\\\/nuevo\\\/producto\\\/aire-de-ventana-frio-calor\\\/\"]}]},{\"@type\":\"ImageObject\",\"inLanguage\":\"es\",\"@id\":\"https:\\\/\\\/solek.com.ar\\\/nuevo\\\/producto\\\/aire-de-ventana-frio-calor\\\/#primaryimage\",\"url\":\"https:\\\/\\\/solek.com.ar\\\/nuevo\\\/wp-content\\\/uploads\\\/2020\\\/09\\\/VENTANA-1.jpg\",\"contentUrl\":\"https:\\\/\\\/solek.com.ar\\\/nuevo\\\/wp-content\\\/uploads\\\/2020\\\/09\\\/VENTANA-1.jpg\",\"width\":567,\"height\":567},{\"@type\":\"BreadcrumbList\",\"@id\":\"https:\\\/\\\/solek.com.ar\\\/nuevo\\\/producto\\\/aire-de-ventana-frio-calor\\\/#breadcrumb\",\"itemListElement\":[{\"@type\":\"ListItem\",\"position\":1,\"name\":\"Portada\",\"item\":\"https:\\\/\\\/solek.com.ar\\\/nuevo\\\/\"},{\"@type\":\"ListItem\",\"position\":2,\"name\":\"Tienda\",\"item\":\"https:\\\/\\\/solek.com.ar\\\/nuevo\\\/tienda\\\/\"},{\"@type\":\"ListItem\",\"position\":3,\"name\":\"Aire de Ventana Fr\u00edo\\\/Calor\"}]},{\"@type\":\"WebSite\",\"@id\":\"https:\\\/\\\/solek.com.ar\\\/nuevo\\\/#website\",\"url\":\"https:\\\/\\\/solek.com.ar\\\/nuevo\\\/\",\"name\":\"Solek\",\"description\":\"Otro sitio realizado con WordPress\",\"publisher\":{\"@id\":\"https:\\\/\\\/solek.com.ar\\\/nuevo\\\/#organization\"},\"potentialAction\":[{\"@type\":\"SearchAction\",\"target\":{\"@type\":\"EntryPoint\",\"urlTemplate\":\"https:\\\/\\\/solek.com.ar\\\/nuevo\\\/?s={search_term_string}\"},\"query-input\":{\"@type\":\"PropertyValueSpecification\",\"valueRequired\":true,\"valueName\":\"search_term_string\"}}],\"inLanguage\":\"es\"},{\"@type\":\"Organization\",\"@id\":\"https:\\\/\\\/solek.com.ar\\\/nuevo\\\/#organization\",\"name\":\"Solek\",\"url\":\"https:\\\/\\\/solek.com.ar\\\/nuevo\\\/\",\"logo\":{\"@type\":\"ImageObject\",\"inLanguage\":\"es\",\"@id\":\"https:\\\/\\\/solek.com.ar\\\/nuevo\\\/#\\\/schema\\\/logo\\\/image\\\/\",\"url\":\"https:\\\/\\\/solek.com.ar\\\/nuevo\\\/wp-content\\\/uploads\\\/2020\\\/08\\\/cropped-IMG-20200814-WA0003.jpg\",\"contentUrl\":\"https:\\\/\\\/solek.com.ar\\\/nuevo\\\/wp-content\\\/uploads\\\/2020\\\/08\\\/cropped-IMG-20200814-WA0003.jpg\",\"width\":609,\"height\":337,\"caption\":\"Solek\"},\"image\":{\"@id\":\"https:\\\/\\\/solek.com.ar\\\/nuevo\\\/#\\\/schema\\\/logo\\\/image\\\/\"}}]}<\/script>\n<!-- \/ Yoast SEO plugin. -->","yoast_head_json":{"title":"Aire de Ventana Fr\u00edo\/Calor - Solek","robots":{"index":"index","follow":"follow","max-snippet":"max-snippet:-1","max-image-preview":"max-image-preview:large","max-video-preview":"max-video-preview:-1"},"canonical":"https:\/\/solek.com.ar\/nuevo\/producto\/aire-de-ventana-frio-calor\/","og_locale":"es_ES","og_type":"article","og_title":"Aire de Ventana Fr\u00edo\/Calor - Solek","og_description":"El aire acondicionado de ventana es un aparato que consta de una unidad que se instala en el hueco de una ventana o de un muro exterior, quedando la mitad del equipo por la parte de afuera y la otra mitad por dentro del hueco. Algunas ventajas que ofrece el aire acondicionado de ventana son, control manual del equipo, calefacci\u00f3n y refrigeraci\u00f3n el\u00e9ctrica, posee un filtro de aire y bajo consumo de energ\u00eda el\u00e9ctrica.","og_url":"https:\/\/solek.com.ar\/nuevo\/producto\/aire-de-ventana-frio-calor\/","og_site_name":"Solek","article_modified_time":"2020-09-23T13:37:51+00:00","og_image":[{"width":567,"height":567,"url":"https:\/\/solek.com.ar\/nuevo\/wp-content\/uploads\/2020\/09\/VENTANA-1.jpg","type":"image\/jpeg"}],"twitter_card":"summary_large_image","schema":{"@context":"https:\/\/schema.org","@graph":[{"@type":"WebPage","@id":"https:\/\/solek.com.ar\/nuevo\/producto\/aire-de-ventana-frio-calor\/","url":"https:\/\/solek.com.ar\/nuevo\/producto\/aire-de-ventana-frio-calor\/","name":"Aire de Ventana Fr\u00edo\/Calor - Solek","isPartOf":{"@id":"https:\/\/solek.com.ar\/nuevo\/#website"},"primaryImageOfPage":{"@id":"https:\/\/solek.com.ar\/nuevo\/producto\/aire-de-ventana-frio-calor\/#primaryimage"},"image":{"@id":"https:\/\/solek.com.ar\/nuevo\/producto\/aire-de-ventana-frio-calor\/#primaryimage"},"thumbnailUrl":"https:\/\/solek.com.ar\/nuevo\/wp-content\/uploads\/2020\/09\/VENTANA-1.jpg","datePublished":"2020-09-18T19:25:43+00:00","dateModified":"2020-09-23T13:37:51+00:00","breadcrumb":{"@id":"https:\/\/solek.com.ar\/nuevo\/producto\/aire-de-ventana-frio-calor\/#breadcrumb"},"inLanguage":"es","potentialAction":[{"@type":"ReadAction","target":["https:\/\/solek.com.ar\/nuevo\/producto\/aire-de-ventana-frio-calor\/"]}]},{"@type":"ImageObject","inLanguage":"es","@id":"https:\/\/solek.com.ar\/nuevo\/producto\/aire-de-ventana-frio-calor\/#primaryimage","url":"https:\/\/solek.com.ar\/nuevo\/wp-content\/uploads\/2020\/09\/VENTANA-1.jpg","contentUrl":"https:\/\/solek.com.ar\/nuevo\/wp-content\/uploads\/2020\/09\/VENTANA-1.jpg","width":567,"height":567},{"@type":"BreadcrumbList","@id":"https:\/\/solek.com.ar\/nuevo\/producto\/aire-de-ventana-frio-calor\/#breadcrumb","itemListElement":[{"@type":"ListItem","position":1,"name":"Portada","item":"https:\/\/solek.com.ar\/nuevo\/"},{"@type":"ListItem","position":2,"name":"Tienda","item":"https:\/\/solek.com.ar\/nuevo\/tienda\/"},{"@type":"ListItem","position":3,"name":"Aire de Ventana Fr\u00edo\/Calor"}]},{"@type":"WebSite","@id":"https:\/\/solek.com.ar\/nuevo\/#website","url":"https:\/\/solek.com.ar\/nuevo\/","name":"Solek","description":"Otro sitio realizado con WordPress","publisher":{"@id":"https:\/\/solek.com.ar\/nuevo\/#organization"},"potentialAction":[{"@type":"SearchAction","target":{"@type":"EntryPoint","urlTemplate":"https:\/\/solek.com.ar\/nuevo\/?s={search_term_string}"},"query-input":{"@type":"PropertyValueSpecification","valueRequired":true,"valueName":"search_term_string"}}],"inLanguage":"es"},{"@type":"Organization","@id":"https:\/\/solek.com.ar\/nuevo\/#organization","name":"Solek","url":"https:\/\/solek.com.ar\/nuevo\/","logo":{"@type":"ImageObject","inLanguage":"es","@id":"https:\/\/solek.com.ar\/nuevo\/#\/schema\/logo\/image\/","url":"https:\/\/solek.com.ar\/nuevo\/wp-content\/uploads\/2020\/08\/cropped-IMG-20200814-WA0003.jpg","contentUrl":"https:\/\/solek.com.ar\/nuevo\/wp-content\/uploads\/2020\/08\/cropped-IMG-20200814-WA0003.jpg","width":609,"height":337,"caption":"Solek"},"image":{"@id":"https:\/\/solek.com.ar\/nuevo\/#\/schema\/logo\/image\/"}}]}},"_links":{"self":[{"href":"https:\/\/solek.com.ar\/nuevo\/wp-json\/wp\/v2\/product\/261","targetHints":{"allow":["GET"]}}],"collection":[{"href":"https:\/\/solek.com.ar\/nuevo\/wp-json\/wp\/v2\/product"}],"about":[{"href":"https:\/\/solek.com.ar\/nuevo\/wp-json\/wp\/v2\/types\/product"}],"version-history":[{"count":1,"href":"https:\/\/solek.com.ar\/nuevo\/wp-json\/wp\/v2\/product\/261\/revisions"}],"predecessor-version":[{"id":290,"href":"https:\/\/solek.com.ar\/nuevo\/wp-json\/wp\/v2\/product\/261\/revisions\/290"}],"wp:featuredmedia":[{"embeddable":true,"href":"https:\/\/solek.com.ar\/nuevo\/wp-json\/wp\/v2\/media\/316"}],"wp:attachment":[{"href":"https:\/\/solek.com.ar\/nuevo\/wp-json\/wp\/v2\/media?parent=261"}],"wp:term":[{"taxonomy":"product_brand","embeddable":true,"href":"https:\/\/solek.com.ar\/nuevo\/wp-json\/wp\/v2\/product_brand?post=261"},{"taxonomy":"product_cat","embeddable":true,"href":"https:\/\/solek.com.ar\/nuevo\/wp-json\/wp\/v2\/product_cat?post=261"},{"taxonomy":"product_tag","embeddable":true,"href":"https:\/\/solek.com.ar\/nuevo\/wp-json\/wp\/v2\/product_tag?post=261"}],"curies":[{"name":"wp","href":"https:\/\/api.w.org\/{rel}","templated":true}]}}